{"id":7,"date":"2024-02-14T16:57:44","date_gmt":"2024-02-14T19:57:44","guid":{"rendered":"https:\/\/twstecnologia.com.br\/?page_id=7"},"modified":"2024-02-20T15:22:50","modified_gmt":"2024-02-20T18:22:50","slug":"home","status":"publish","type":"page","link":"https:\/\/twstecnologia.com.br\/","title":{"rendered":"Home"},"content":{"rendered":"\n<div class=\"wp-block-cover alignfull has-parallax wp-duotone-unset-1\" style=\"min-height:720px;aspect-ratio:unset;\"><span aria-hidden=\"true\" class=\"wp-block-cover__background has-background-dim-70 has-background-dim wp-block-cover__gradient-background has-background-gradient\" style=\"background:linear-gradient(135deg,rgb(39,40,56) 0%,rgb(16,33,77) 100%)\"><\/span><div role=\"img\" class=\"wp-block-cover__image-background wp-image-29 has-parallax\" style=\"background-position:50% 50%;background-image:url(https:\/\/twstecnologia.com.br\/wp-content\/uploads\/2024\/02\/imageBody1835.jpg)\"><\/div><div class=\"wp-block-cover__inner-container is-layout-flow wp-block-cover-is-layout-flow\">\n<div class=\"wp-block-media-text has-media-on-the-right is-stacked-on-mobile\"><div class=\"wp-block-media-text__content\">\n<p class=\"has-text-color has-link-color has-x-large-font-size wp-elements-f8eb89c8873e01ce6794ce8700947689\" style=\"color:#69ddff;letter-spacing:3px\">Solu\u00e7\u00f5es em Tecnologia<\/p>\n\n\n\n<p class=\"has-ast-global-color-5-color has-text-color has-link-color has-medium-font-size wp-elements-3540acb96b72bea609c51ddf94d48f86\" style=\"letter-spacing:2px\"><strong>Tecnologia Humanizada,<\/strong><\/p>\n\n\n\n<p class=\"has-ast-global-color-5-color has-text-color has-link-color has-medium-font-size wp-elements-b7973e97194868a23b6eff7182de3610\" style=\"letter-spacing:2px\"><strong>e Personalizada<\/strong><\/p>\n<\/div><figure class=\"wp-block-media-text__media\"><\/figure><\/div>\n<\/div><\/div>\n\n\n\n<div class=\"wp-block-group alignfull has-ast-global-color-5-background-color has-background is-layout-constrained wp-container-core-group-is-layout-9cedb757 wp-block-group-is-layout-constrained\" style=\"padding-bottom:0px\">\n<div class=\"wp-block-columns are-vertically-aligned-top is-layout-flex wp-container-core-columns-is-layout-00723822 wp-block-columns-is-layout-flex\">\n<div class=\"wp-block-column is-vertically-aligned-top is-layout-flow wp-container-core-column-is-layout-6b73ce23 wp-block-column-is-layout-flow\">\n<figure class=\"wp-block-image size-full is-resized is-style-rounded\"><img loading=\"lazy\" decoding=\"async\" width=\"512\" height=\"512\" src=\"https:\/\/twstecnologia.com.br\/wp-content\/uploads\/2024\/02\/support_3249904.png\" alt=\"\" class=\"wp-image-72\" style=\"width:54px;height:auto\" srcset=\"https:\/\/twstecnologia.com.br\/wp-content\/uploads\/2024\/02\/support_3249904.png 512w, https:\/\/twstecnologia.com.br\/wp-content\/uploads\/2024\/02\/support_3249904-300x300.png 300w, https:\/\/twstecnologia.com.br\/wp-content\/uploads\/2024\/02\/support_3249904-150x150.png 150w\" sizes=\"auto, (max-width: 512px) 100vw, 512px\" \/><\/figure>\n\n\n\n<h3 class=\"wp-block-heading has-text-align-left\" style=\"margin-top:16px\">Suporte de T.I.<\/h3>\n\n\n\n<p class=\"has-text-align-left\">Sustenta\u00e7\u00e3o e suporte N1 e N2, atendimento e solu\u00e7\u00f5es de problemas.<\/p>\n<\/div>\n\n\n\n<div class=\"wp-block-column is-vertically-aligned-top is-layout-flow wp-container-core-column-is-layout-6b73ce23 wp-block-column-is-layout-flow\">\n<figure class=\"wp-block-image size-full is-resized\"><img loading=\"lazy\" decoding=\"async\" width=\"512\" height=\"512\" src=\"https:\/\/twstecnologia.com.br\/wp-content\/uploads\/2024\/02\/web-page_5394897.png\" alt=\"\" class=\"wp-image-73\" style=\"width:54px\" srcset=\"https:\/\/twstecnologia.com.br\/wp-content\/uploads\/2024\/02\/web-page_5394897.png 512w, https:\/\/twstecnologia.com.br\/wp-content\/uploads\/2024\/02\/web-page_5394897-300x300.png 300w, https:\/\/twstecnologia.com.br\/wp-content\/uploads\/2024\/02\/web-page_5394897-150x150.png 150w\" sizes=\"auto, (max-width: 512px) 100vw, 512px\" \/><\/figure>\n\n\n\n<h3 class=\"wp-block-heading has-text-align-left\" style=\"margin-top:16px\">Cria\u00e7\u00e3o de Website<\/h3>\n\n\n\n<p class=\"has-text-align-left\">Cria\u00e7\u00e3o de paginas web personalizadas para apresenta\u00e7\u00e3o do seu neg\u00f3cio.<\/p>\n<\/div>\n\n\n\n<div class=\"wp-block-column is-vertically-aligned-top is-layout-flow wp-container-core-column-is-layout-6b73ce23 wp-block-column-is-layout-flow\">\n<figure class=\"wp-block-image size-full is-resized is-style-default\"><img loading=\"lazy\" decoding=\"async\" width=\"512\" height=\"512\" src=\"https:\/\/twstecnologia.com.br\/wp-content\/uploads\/2024\/02\/technology_14046321.png\" alt=\"\" class=\"wp-image-74\" style=\"width:54px\" srcset=\"https:\/\/twstecnologia.com.br\/wp-content\/uploads\/2024\/02\/technology_14046321.png 512w, https:\/\/twstecnologia.com.br\/wp-content\/uploads\/2024\/02\/technology_14046321-300x300.png 300w, https:\/\/twstecnologia.com.br\/wp-content\/uploads\/2024\/02\/technology_14046321-150x150.png 150w\" sizes=\"auto, (max-width: 512px) 100vw, 512px\" \/><\/figure>\n\n\n\n<h3 class=\"wp-block-heading has-text-align-left\" style=\"margin-top:16px\">Datacenter<\/h3>\n\n\n\n<p class=\"has-text-align-left\">Solu\u00e7\u00f5es e sustenta\u00e7\u00e3o do seu ambiente de infraestrutura de T.I., Firewalls e Servidores.<\/p>\n<\/div>\n\n\n\n<div class=\"wp-block-column is-vertically-aligned-top is-layout-flow wp-container-core-column-is-layout-6b73ce23 wp-block-column-is-layout-flow\">\n<figure class=\"wp-block-image size-full is-resized is-style-default\"><img loading=\"lazy\" decoding=\"async\" width=\"512\" height=\"512\" src=\"https:\/\/twstecnologia.com.br\/wp-content\/uploads\/2024\/02\/speech_909331.png\" alt=\"\" class=\"wp-image-76\" style=\"width:54px\" srcset=\"https:\/\/twstecnologia.com.br\/wp-content\/uploads\/2024\/02\/speech_909331.png 512w, https:\/\/twstecnologia.com.br\/wp-content\/uploads\/2024\/02\/speech_909331-300x300.png 300w, https:\/\/twstecnologia.com.br\/wp-content\/uploads\/2024\/02\/speech_909331-150x150.png 150w\" sizes=\"auto, (max-width: 512px) 100vw, 512px\" \/><\/figure>\n\n\n\n<h3 class=\"wp-block-heading has-text-align-left\" style=\"margin-top:16px\">Consultoria<\/h3>\n\n\n\n<p class=\"has-text-align-left\">Levantamento, auxilio e monitoria com profissionais com mais de 10 anos de experiencia no mercado<\/p>\n<\/div>\n<\/div>\n<\/div>\n\n\n\n<div class=\"wp-block-group alignfull is-layout-constrained wp-container-core-group-is-layout-a457b20f wp-block-group-is-layout-constrained\" id=\"services\" style=\"margin-top:var(--wp--preset--spacing--30);margin-bottom:var(--wp--preset--spacing--30);padding-top:144px;padding-bottom:0px\">\n<h2 class=\"wp-block-heading\">Outros Servi\u00e7os<\/h2>\n\n\n\n<div class=\"wp-block-columns is-layout-flex wp-container-core-columns-is-layout-60cbf9bb wp-block-columns-is-layout-flex\" style=\"margin-top:50px\">\n<div class=\"wp-block-column is-layout-flow wp-container-core-column-is-layout-6b73ce23 wp-block-column-is-layout-flow\">\n<figure class=\"wp-block-image size-full has-custom-border is-style-rounded\"><img loading=\"lazy\" decoding=\"async\" width=\"480\" height=\"600\" src=\"https:\/\/twstecnologia.com.br\/wp-content\/uploads\/2024\/02\/fortinet2.jpg\" alt=\"\" class=\"has-border-color wp-image-102\" style=\"border-color:#68778f4a;border-width:1px;border-radius:50px\" srcset=\"https:\/\/twstecnologia.com.br\/wp-content\/uploads\/2024\/02\/fortinet2.jpg 480w, https:\/\/twstecnologia.com.br\/wp-content\/uploads\/2024\/02\/fortinet2-240x300.jpg 240w\" sizes=\"auto, (max-width: 480px) 100vw, 480px\" \/><\/figure>\n\n\n\n<h3 class=\"wp-block-heading\" style=\"margin-top:16px\">Fortinet<\/h3>\n\n\n\n<p>Parceria de vendas com a empresa pioneira em cyber seguran\u00e7a, compre o melhor Firewall de pr\u00f3xima gera\u00e7\u00e3o, e proteja sua rede, seus dados e sua infraestrutura com Firewalls Fortinet.<\/p>\n<\/div>\n\n\n\n<div class=\"wp-block-column is-layout-flow wp-container-core-column-is-layout-6b73ce23 wp-block-column-is-layout-flow\">\n<figure class=\"wp-block-image size-full has-custom-border is-style-rounded\"><img loading=\"lazy\" decoding=\"async\" width=\"480\" height=\"600\" src=\"https:\/\/twstecnologia.com.br\/wp-content\/uploads\/2024\/02\/bitdrag.jpg\" alt=\"\" class=\"wp-image-96\" style=\"border-radius:50px\" srcset=\"https:\/\/twstecnologia.com.br\/wp-content\/uploads\/2024\/02\/bitdrag.jpg 480w, https:\/\/twstecnologia.com.br\/wp-content\/uploads\/2024\/02\/bitdrag-240x300.jpg 240w\" sizes=\"auto, (max-width: 480px) 100vw, 480px\" \/><\/figure>\n\n\n\n<h3 class=\"wp-block-heading\" style=\"margin-top:16px\">Bitdefender<\/h3>\n\n\n\n<p>Parceria de vendas com a l\u00edder Global em seguran\u00e7a cibern\u00e9tica, proteja seus computadores, notebooks e servidores, com o melhor endpoint do mercado.<\/p>\n<\/div>\n\n\n\n<div class=\"wp-block-column is-layout-flow wp-container-core-column-is-layout-6b73ce23 wp-block-column-is-layout-flow\">\n<figure class=\"wp-block-image size-full has-custom-border is-style-rounded\"><img loading=\"lazy\" decoding=\"async\" width=\"480\" height=\"600\" src=\"https:\/\/twstecnologia.com.br\/wp-content\/uploads\/2024\/02\/cybersec.jpg\" alt=\"\" class=\"wp-image-94\" style=\"border-radius:50px\" srcset=\"https:\/\/twstecnologia.com.br\/wp-content\/uploads\/2024\/02\/cybersec.jpg 480w, https:\/\/twstecnologia.com.br\/wp-content\/uploads\/2024\/02\/cybersec-240x300.jpg 240w\" sizes=\"auto, (max-width: 480px) 100vw, 480px\" \/><\/figure>\n\n\n\n<h3 class=\"wp-block-heading\" style=\"margin-top:16px\">Cyber Security<\/h3>\n\n\n\n<p>Campanhas de conscientiza\u00e7\u00e3o, testes de phishing e vulnerabilidades da T.I.<\/p>\n<\/div>\n<\/div>\n<\/div>\n\n\n\n<div class=\"wp-block-group alignfull has-background is-layout-constrained wp-container-core-group-is-layout-94d206d0 wp-block-group-is-layout-constrained\" id=\"about\" style=\"background-color:#68778f1c;padding-top:143px;padding-bottom:144px\">\n<div class=\"wp-block-media-text has-media-on-the-right is-stacked-on-mobile is-vertically-aligned-center has-background\" style=\"background-color:#faebeb00\"><div class=\"wp-block-media-text__content\">\n<div class=\"inherit-container-width wp-block-group is-layout-constrained wp-container-core-group-is-layout-47ce07ec wp-block-group-is-layout-constrained\" style=\"padding-right:80px\">\n<h2 class=\"wp-block-heading\" style=\"padding-right:40px\">Ol\u00e1, muito prazer, somos a TWS Solu\u00e7\u00f5es em Tecnologia!<\/h2>\n\n\n\n<p>Somos uma empresa fundada por pessoas apaixonadas por tecnologia e com mais de 10 anos de experiencia como profissionais, com uma vis\u00e3o diferente do mercado atual.<\/p>\n\n\n\n<p>Sim, queremos unir processos e pessoas, humanizar esse relacionamento que \u00e9 t\u00e3o distante entre contratante e contratada. Aproximar e incluir ao m\u00e1ximo cada cliente, cada hist\u00f3ria, cada cultura.<\/p>\n\n\n\n<p>Na TWS os clientes s\u00e3o \u00fanicos. Cada projeto \u00e9 \u00fanico. Com foco nas peculiaridades que cada empresa necessita. <\/p>\n<\/div>\n<\/div><figure class=\"wp-block-media-text__media\"><img loading=\"lazy\" decoding=\"async\" width=\"1024\" height=\"683\" src=\"https:\/\/twstecnologia.com.br\/wp-content\/uploads\/2024\/02\/close-up-aperto-de-mao-de-empresarios-1024x683.jpg\" alt=\"\" class=\"wp-image-156 size-full\" srcset=\"https:\/\/twstecnologia.com.br\/wp-content\/uploads\/2024\/02\/close-up-aperto-de-mao-de-empresarios-1024x683.jpg 1024w, https:\/\/twstecnologia.com.br\/wp-content\/uploads\/2024\/02\/close-up-aperto-de-mao-de-empresarios-300x200.jpg 300w, https:\/\/twstecnologia.com.br\/wp-content\/uploads\/2024\/02\/close-up-aperto-de-mao-de-empresarios-768x512.jpg 768w, https:\/\/twstecnologia.com.br\/wp-content\/uploads\/2024\/02\/close-up-aperto-de-mao-de-empresarios-1536x1025.jpg 1536w, https:\/\/twstecnologia.com.br\/wp-content\/uploads\/2024\/02\/close-up-aperto-de-mao-de-empresarios-2048x1366.jpg 2048w\" sizes=\"auto, (max-width: 1024px) 100vw, 1024px\" \/><\/figure><\/div>\n<\/div>\n\n\n\n<div class=\"wp-block-group alignfull is-layout-constrained wp-container-core-group-is-layout-3fee123f wp-block-group-is-layout-constrained\" id=\"whyus\" style=\"padding-top:144px;padding-bottom:144px\">\n<h2 class=\"wp-block-heading\">Por que nos escolher?<\/h2>\n\n\n\n<div class=\"wp-block-columns is-layout-flex wp-container-core-columns-is-layout-29aadeec wp-block-columns-is-layout-flex\" style=\"margin-top:60px\">\n<div class=\"wp-block-column is-layout-flow wp-container-core-column-is-layout-6b73ce23 wp-block-column-is-layout-flow\">\n<figure class=\"wp-block-image size-large\"><img decoding=\"async\" src=\"https:\/\/twstecnologia.com.br\/wp-content\/themes\/astra\/inc\/assets\/images\/starter-content\/passionate.svg\" alt=\"\" class=\"wp-image-162\"\/><\/figure>\n\n\n\n<h3 class=\"wp-block-heading\" style=\"margin-top:16px\">Entusiasmo<\/h3>\n\n\n\n<p>Temos entusiasmo por resolver problemas e facilitar o dia a dia das pessoas no ambiente de trabalho.<\/p>\n<\/div>\n\n\n\n<div class=\"wp-block-column is-layout-flow wp-container-core-column-is-layout-6b73ce23 wp-block-column-is-layout-flow\">\n<figure class=\"wp-block-image size-large\"><img decoding=\"async\" src=\"https:\/\/twstecnologia.com.br\/wp-content\/themes\/astra\/inc\/assets\/images\/starter-content\/professional.svg\" alt=\"\" class=\"wp-image-163\"\/><\/figure>\n\n\n\n<h3 class=\"wp-block-heading\" style=\"margin-top:16px\">Profissinal<\/h3>\n\n\n\n<p>Profissionais competentes e sempre atualizados com mercado da T.I..<\/p>\n<\/div>\n\n\n\n<div class=\"wp-block-column is-layout-flow wp-container-core-column-is-layout-6b73ce23 wp-block-column-is-layout-flow\">\n<figure class=\"wp-block-image size-large\"><img decoding=\"async\" src=\"https:\/\/twstecnologia.com.br\/wp-content\/themes\/astra\/inc\/assets\/images\/starter-content\/support.svg\" alt=\"\" class=\"wp-image-164\"\/><\/figure>\n\n\n\n<h3 class=\"wp-block-heading\" style=\"margin-top:16px\">Suporte<\/h3>\n\n\n\n<p>Tempos uma equipe de suporte especializado pronto para te atender.<\/p>\n<\/div>\n<\/div>\n<\/div>\n\n\n\n<div class=\"wp-block-group alignfull has-midnight-gradient-background has-background is-layout-constrained wp-container-core-group-is-layout-cfcca693 wp-block-group-is-layout-constrained\" id=\"contact\" style=\"padding-top:104px;padding-bottom:104px\">\n<h2 class=\"wp-block-heading has-text-align-center has-text-color\" style=\"color:#ffffff\">Entre em contato ainda hoje.<\/h2>\n\n\n\n<div class=\"wp-block-buttons alignwide is-horizontal is-content-justification-center is-layout-flex wp-container-core-buttons-is-layout-bba8380a wp-block-buttons-is-layout-flex\" style=\"margin-top:50px\">\n<div class=\"wp-block-button\" id=\"https:\/\/twstecnologia.com.br\/index.php\/contato\/\"><a class=\"wp-block-button__link wp-element-button\" href=\"https:\/\/twstecnologia.com.br\/index.php\/contato\/\" rel=\"\">Contato<\/a><\/div>\n<\/div>\n<\/div>\n","protected":false},"excerpt":{"rendered":"<p>Suporte de T.I. Sustenta\u00e7\u00e3o e suporte N1 e N2, atendimento e solu\u00e7\u00f5es de problemas. Cria\u00e7\u00e3o de Website Cria\u00e7\u00e3o de paginas [&hellip;]<\/p>\n","protected":false},"author":1,"featured_media":0,"parent":0,"menu_order":0,"comment_status":"closed","ping_status":"closed","template":"","meta":{"_uag_custom_page_level_css":"","site-sidebar-layout":"no-sidebar","site-content-layout":"plain-container","ast-site-content-layout":"","site-content-style":"default","site-sidebar-style":"default","ast-global-header-display":"","ast-banner-title-visibility":"","ast-main-header-display":"","ast-hfb-above-header-display":"","ast-hfb-below-header-display":"","ast-hfb-mobile-header-display":"","site-post-title":"disabled","ast-breadcrumbs-content":"","ast-featured-img":"","footer-sml-layout":"","theme-transparent-header-meta":"enabled","adv-header-id-meta":"","stick-header-meta":"","header-above-stick-meta":"","header-main-stick-meta":"","header-below-stick-meta":"","astra-migrate-meta-layouts":"default","ast-page-background-enabled":"default","ast-page-background-meta":{"desktop":{"background-color":"var(--ast-global-color-4)","background-image":"","background-repeat":"repeat","background-position":"center center","background-size":"auto","background-attachment":"scroll","background-type":"","background-media":"","overlay-type":"","overlay-color":"","overlay-gradient":""},"tablet":{"background-color":"","background-image":"","background-repeat":"repeat","background-position":"center center","background-size":"auto","background-attachment":"scroll","background-type":"","background-media":"","overlay-type":"","overlay-color":"","overlay-gradient":""},"mobile":{"background-color":"","background-image":"","background-repeat":"repeat","background-position":"center center","background-size":"auto","background-attachment":"scroll","background-type":"","background-media":"","overlay-type":"","overlay-color":"","overlay-gradient":""}},"ast-content-background-meta":{"desktop":{"background-color":"var(--ast-global-color-5)","background-image":"","background-repeat":"repeat","background-position":"center center","background-size":"auto","background-attachment":"scroll","background-type":"","background-media":"","overlay-type":"","overlay-color":"","overlay-gradient":""},"tablet":{"background-color":"var(--ast-global-color-5)","background-image":"","background-repeat":"repeat","background-position":"center center","background-size":"auto","background-attachment":"scroll","background-type":"","background-media":"","overlay-type":"","overlay-color":"","overlay-gradient":""},"mobile":{"background-color":"var(--ast-global-color-5)","background-image":"","background-repeat":"repeat","background-position":"center center","background-size":"auto","background-attachment":"scroll","background-type":"","background-media":"","overlay-type":"","overlay-color":"","overlay-gradient":""}},"_joinchat":[],"footnotes":""},"class_list":["post-7","page","type-page","status-publish","hentry"],"uagb_featured_image_src":{"full":false,"thumbnail":false,"medium":false,"medium_large":false,"large":false,"1536x1536":false,"2048x2048":false},"uagb_author_info":{"display_name":"contato","author_link":"https:\/\/twstecnologia.com.br\/index.php\/author\/contato\/"},"uagb_comment_info":0,"uagb_excerpt":"Suporte de T.I. Sustenta\u00e7\u00e3o e suporte N1 e N2, atendimento e solu\u00e7\u00f5es de problemas. Cria\u00e7\u00e3o de Website Cria\u00e7\u00e3o de paginas [&hellip;]","_links":{"self":[{"href":"https:\/\/twstecnologia.com.br\/index.php\/wp-json\/wp\/v2\/pages\/7","targetHints":{"allow":["GET"]}}],"collection":[{"href":"https:\/\/twstecnologia.com.br\/index.php\/wp-json\/wp\/v2\/pages"}],"about":[{"href":"https:\/\/twstecnologia.com.br\/index.php\/wp-json\/wp\/v2\/types\/page"}],"author":[{"embeddable":true,"href":"https:\/\/twstecnologia.com.br\/index.php\/wp-json\/wp\/v2\/users\/1"}],"replies":[{"embeddable":true,"href":"https:\/\/twstecnologia.com.br\/index.php\/wp-json\/wp\/v2\/comments?post=7"}],"version-history":[{"count":55,"href":"https:\/\/twstecnologia.com.br\/index.php\/wp-json\/wp\/v2\/pages\/7\/revisions"}],"predecessor-version":[{"id":158,"href":"https:\/\/twstecnologia.com.br\/index.php\/wp-json\/wp\/v2\/pages\/7\/revisions\/158"}],"wp:attachment":[{"href":"https:\/\/twstecnologia.com.br\/index.php\/wp-json\/wp\/v2\/media?parent=7"}],"curies":[{"name":"wp","href":"https:\/\/api.w.org\/{rel}","templated":true}]}}